{"id":54,"date":"2025-06-02T07:43:31","date_gmt":"2025-06-02T07:43:31","guid":{"rendered":"https:\/\/mariannek.dk\/?page_id=54"},"modified":"2025-06-02T11:56:44","modified_gmt":"2025-06-02T11:56:44","slug":"om-marianne-k","status":"publish","type":"page","link":"https:\/\/mariannek.dk\/?page_id=54","title":{"rendered":"Om Marianne K"},"content":{"rendered":"\n<h2 class=\"wp-block-heading\">Om Marianne K &#8211; Personlig Tr\u00e6ner &amp; Kostvejleder<\/h2>\n\n\n\n<p>Uddannet og EHFA certificeret Personlig Tr\u00e6ner, Kostvejleder &amp; Slankekonsulent, Fitness- &amp; Holdinstrukt\u00f8r samt &#8216;Sundhedsugle&#8217;. Derudover har jeg 20 \u00e5rs tr\u00e6ningserfaring samt gennemg\u00e5et et v\u00e6gttab tilbage i 2004 p\u00e5 35kg. <\/p>\n\n\n\n<p>Mit motto er: Udfordring betyder Udvikling hvilket jeg altid fors\u00f8ger at f\u00e5 frem i b\u00e5de egen tr\u00e6ning men ogs\u00e5 n\u00e5r jeg underviser samt vejleder andre. <\/p>\n\n\n\n<p>Ved Personlig Tr\u00e6ning er du altid 100% i fokus. Jeg m\u00f8der dig i \u00f8jenh\u00f8jde for at tilrettel\u00e6gge den bedste tr\u00e6ning til dig, s\u00e5 du kan n\u00e5 dine m\u00e5l. <\/p>\n\n\n\n<p>Kontakt mig endelig hvis du \u00f8nsker et tr\u00e6ningsprogram eller personlig tr\u00e6ning!<\/p>\n","protected":false},"excerpt":{"rendered":"<p>Om Marianne K &#8211; Personlig Tr\u00e6ner &amp; Kostvejleder Uddannet og EHFA certificeret Personlig Tr\u00e6ner, Kostvejleder &amp; Slankekonsulent, Fitness- &amp; Holdinstrukt\u00f8r samt &#8216;Sundhedsugle&#8217;. Derudover har jeg 20 \u00e5rs tr\u00e6ningserfaring samt gennemg\u00e5et et v\u00e6gttab tilbage i 2004 p\u00e5 35kg. Mit motto er: Udfordring betyder Udvikling hvilket jeg altid fors\u00f8ger at f\u00e5 frem i b\u00e5de egen tr\u00e6ning men [&hellip;]<\/p>\n","protected":false},"author":1,"featured_media":0,"parent":0,"menu_order":0,"comment_status":"closed","ping_status":"closed","template":"","meta":{"footnotes":""},"class_list":["post-54","page","type-page","status-publish","hentry"],"_links":{"self":[{"href":"https:\/\/mariannek.dk\/index.php?rest_route=\/wp\/v2\/pages\/54","targetHints":{"allow":["GET"]}}],"collection":[{"href":"https:\/\/mariannek.dk\/index.php?rest_route=\/wp\/v2\/pages"}],"about":[{"href":"https:\/\/mariannek.dk\/index.php?rest_route=\/wp\/v2\/types\/page"}],"author":[{"embeddable":true,"href":"https:\/\/mariannek.dk\/index.php?rest_route=\/wp\/v2\/users\/1"}],"replies":[{"embeddable":true,"href":"https:\/\/mariannek.dk\/index.php?rest_route=%2Fwp%2Fv2%2Fcomments&post=54"}],"version-history":[{"count":4,"href":"https:\/\/mariannek.dk\/index.php?rest_route=\/wp\/v2\/pages\/54\/revisions"}],"predecessor-version":[{"id":70,"href":"https:\/\/mariannek.dk\/index.php?rest_route=\/wp\/v2\/pages\/54\/revisions\/70"}],"wp:attachment":[{"href":"https:\/\/mariannek.dk\/index.php?rest_route=%2Fwp%2Fv2%2Fmedia&parent=54"}],"curies":[{"name":"wp","href":"https:\/\/api.w.org\/{rel}","templated":true}]}}